{"id":1340,"date":"2023-10-20T18:49:37","date_gmt":"2023-10-20T18:49:37","guid":{"rendered":"https:\/\/dellislaw.gr\/?page_id=1340"},"modified":"2024-09-11T18:42:24","modified_gmt":"2024-09-11T18:42:24","slug":"panagiotis-gravanis","status":"publish","type":"page","link":"https:\/\/dellislaw.gr\/el\/panagiotis-gravanis\/","title":{"rendered":"\u03a0\u03b1\u03bd\u03b1\u03b3\u03b9\u03ce\u03c4\u03b7\u03c2 \u0393\u03a1\u0391\u0392\u0391\u039d\u0397\u03a3"},"content":{"rendered":"\t\t<div data-elementor-type=\"wp-page\" data-elementor-id=\"1340\" class=\"elementor elementor-1340\" data-elementor-post-type=\"page\">\n\t\t\t\t\t\t<section class=\"elementor-section elementor-top-section elementor-element elementor-element-4f8d0a0b elementor-section-full_width elementor-section-stretched elementor-section-height-default elementor-section-height-default\" data-id=\"4f8d0a0b\" data-element_type=\"section\" data-e-type=\"section\" data-settings=\"{&quot;stretch_section&quot;:&quot;section-stretched&quot;,&quot;ekit_has_onepagescroll_dot&quot;:&quot;yes&quot;}\">\n\t\t\t\t\t\t<div class=\"elementor-container elementor-column-gap-no\">\n\t\t\t\t\t<div class=\"elementor-column elementor-col-100 elementor-top-column elementor-element elementor-element-6cbbc3f7\" data-id=\"6cbbc3f7\" data-element_type=\"column\" data-e-type=\"column\">\n\t\t\t<div class=\"elementor-widget-wrap elementor-element-populated\">\n\t\t\t\t\t\t<div class=\"elementor-element elementor-element-c0eae0a elementor-widget elementor-widget-image\" data-id=\"c0eae0a\" data-element_type=\"widget\" data-e-type=\"widget\" data-settings=\"{&quot;ekit_we_effect_on&quot;:&quot;none&quot;}\" data-widget_type=\"image.default\">\n\t\t\t\t<div class=\"elementor-widget-container\">\n\t\t\t\t\t\t\t\t\t\t\t\t\t\t\t<img fetchpriority=\"high\" decoding=\"async\" width=\"1900\" height=\"250\" src=\"https:\/\/dellislaw.gr\/wp-content\/uploads\/2020\/11\/areas_gr.jpg\" class=\"attachment-full size-full wp-image-618\" alt=\"\" srcset=\"https:\/\/dellislaw.gr\/wp-content\/uploads\/2020\/11\/areas_gr.jpg 1900w, https:\/\/dellislaw.gr\/wp-content\/uploads\/2020\/11\/areas_gr-300x39.jpg 300w, https:\/\/dellislaw.gr\/wp-content\/uploads\/2020\/11\/areas_gr-1024x135.jpg 1024w, https:\/\/dellislaw.gr\/wp-content\/uploads\/2020\/11\/areas_gr-768x101.jpg 768w, https:\/\/dellislaw.gr\/wp-content\/uploads\/2020\/11\/areas_gr-1536x202.jpg 1536w\" sizes=\"(max-width: 1900px) 100vw, 1900px\" \/>\t\t\t\t\t\t\t\t\t\t\t\t\t\t\t<\/div>\n\t\t\t\t<\/div>\n\t\t\t\t\t<\/div>\n\t\t<\/div>\n\t\t\t\t\t<\/div>\n\t\t<\/section>\n\t\t\t\t<section class=\"elementor-section elementor-top-section elementor-element elementor-element-5d6ecea3 elementor-section-boxed elementor-section-height-default elementor-section-height-default\" data-id=\"5d6ecea3\" data-element_type=\"section\" data-e-type=\"section\" data-settings=\"{&quot;ekit_has_onepagescroll_dot&quot;:&quot;yes&quot;}\">\n\t\t\t\t\t\t<div class=\"elementor-container elementor-column-gap-default\">\n\t\t\t\t\t<div class=\"elementor-column elementor-col-50 elementor-top-column elementor-element elementor-element-38bdfdc2\" data-id=\"38bdfdc2\" data-element_type=\"column\" data-e-type=\"column\">\n\t\t\t<div class=\"elementor-widget-wrap elementor-element-populated\">\n\t\t\t\t\t\t<div class=\"elementor-element elementor-element-1ee62709 elementor-widget elementor-widget-image\" data-id=\"1ee62709\" data-element_type=\"widget\" data-e-type=\"widget\" data-settings=\"{&quot;ekit_we_effect_on&quot;:&quot;none&quot;}\" data-widget_type=\"image.default\">\n\t\t\t\t<div class=\"elementor-widget-container\">\n\t\t\t\t\t\t\t\t\t\t\t\t\t\t\t<img decoding=\"async\" width=\"363\" height=\"506\" src=\"https:\/\/dellislaw.gr\/wp-content\/uploads\/2023\/10\/Dellis.jpg\" class=\"attachment-large size-large wp-image-1320\" alt=\"\" srcset=\"https:\/\/dellislaw.gr\/wp-content\/uploads\/2023\/10\/Dellis.jpg 363w, https:\/\/dellislaw.gr\/wp-content\/uploads\/2023\/10\/Dellis-215x300.jpg 215w\" sizes=\"(max-width: 363px) 100vw, 363px\" \/>\t\t\t\t\t\t\t\t\t\t\t\t\t\t\t<\/div>\n\t\t\t\t<\/div>\n\t\t\t\t\t<\/div>\n\t\t<\/div>\n\t\t\t\t<div class=\"elementor-column elementor-col-50 elementor-top-column elementor-element elementor-element-32dcd3fc\" data-id=\"32dcd3fc\" data-element_type=\"column\" data-e-type=\"column\">\n\t\t\t<div class=\"elementor-widget-wrap elementor-element-populated\">\n\t\t\t\t\t\t<div class=\"elementor-element elementor-element-50929d4f elementor-widget elementor-widget-heading\" data-id=\"50929d4f\" data-element_type=\"widget\" data-e-type=\"widget\" data-settings=\"{&quot;ekit_we_effect_on&quot;:&quot;none&quot;}\" data-widget_type=\"heading.default\">\n\t\t\t\t<div class=\"elementor-widget-container\">\n\t\t\t\t\t<h2 class=\"elementor-heading-title elementor-size-default\">\u03a0\u03b1\u03bd\u03b1\u03b3\u03b9\u03ce\u03c4\u03b7\u03c2 \u0393\u03a1\u0391\u0392\u0391\u039d\u0397\u03a3<\/h2>\t\t\t\t<\/div>\n\t\t\t\t<\/div>\n\t\t\t\t<div class=\"elementor-element elementor-element-174b8924 elementor-widget-divider--view-line elementor-widget elementor-widget-divider\" data-id=\"174b8924\" data-element_type=\"widget\" data-e-type=\"widget\" data-settings=\"{&quot;ekit_we_effect_on&quot;:&quot;none&quot;}\" data-widget_type=\"divider.default\">\n\t\t\t\t<div class=\"elementor-widget-container\">\n\t\t\t\t\t\t\t<div class=\"elementor-divider\">\n\t\t\t<span class=\"elementor-divider-separator\">\n\t\t\t\t\t\t<\/span>\n\t\t<\/div>\n\t\t\t\t\t\t<\/div>\n\t\t\t\t<\/div>\n\t\t\t\t<div class=\"elementor-element elementor-element-a331620 elementor-widget elementor-widget-text-editor\" data-id=\"a331620\" data-element_type=\"widget\" data-e-type=\"widget\" data-settings=\"{&quot;ekit_we_effect_on&quot;:&quot;none&quot;}\" data-widget_type=\"text-editor.default\">\n\t\t\t\t<div class=\"elementor-widget-container\">\n\t\t\t\t\t\t\t\t\t<p>\u039f \u03a0\u03b1\u03bd\u03b1\u03b3\u03b9\u03ce\u03c4\u03b7\u03c2 \u0393\u03c1\u03b1\u03b2\u03ac\u03bd\u03b7\u03c2 \u03b5\u03af\u03bd\u03b1\u03b9 \u03b1\u03c0\u03cc\u03c6\u03bf\u03b9\u03c4\u03bf\u03c2 \u03c4\u03b7\u03c2 \u039d\u03bf\u03bc\u03b9\u03ba\u03ae\u03c2 \u03a3\u03c7\u03bf\u03bb\u03ae\u03c2 \u03c4\u03bf\u03c5 \u0395\u03b8\u03bd\u03b9\u03ba\u03bf\u03cd \u03ba\u03b1\u03b9 \u039a\u03b1\u03c0\u03bf\u03b4\u03b9\u03c3\u03c4\u03c1\u03b9\u03b1\u03ba\u03bf\u03cd \u03a0\u03b1\u03bd\u03b5\u03c0\u03b9\u03c3\u03c4\u03b7\u03bc\u03af\u03bf\u03c5 \u0391\u03b8\u03b7\u03bd\u03ce\u03bd, \u03b1\u03c0\u03cc \u03c4\u03b7\u03bd \u03bf\u03c0\u03bf\u03af\u03b1 \u03ba\u03b1\u03b9 \u03ad\u03bb\u03b1\u03b2\u03b5, \u03c3\u03c4\u03b7 \u03c3\u03c5\u03bd\u03ad\u03c7\u03b5\u03b9\u03b1, \u039c\u03b5\u03c4\u03b1\u03c0\u03c4\u03c5\u03c7\u03b9\u03b1\u03ba\u03cc \u0394\u03af\u03c0\u03bb\u03c9\u03bc\u03b1 \u0395\u03b9\u03b4\u03af\u03ba\u03b5\u03c5\u03c3\u03b7\u03c2 \u03c3\u03c4\u03bf \u0394\u03b7\u03bc\u03cc\u03c3\u03b9\u03bf \u0394\u03af\u03ba\u03b1\u03b9\u03bf. \u0391\u03ba\u03bf\u03bb\u03bf\u03cd\u03b8\u03c9\u03c2, \u03ad\u03bb\u03b1\u03b2\u03b5 \u039c\u03b5\u03c4\u03b1\u03c0\u03c4\u03c5\u03c7\u03b9\u03b1\u03ba\u03cc \u0394\u03af\u03c0\u03bb\u03c9\u03bc\u03b1 \u03b1\u03c0\u03cc \u03c4\u03bf \u03a0\u03b1\u03bd\u03b5\u03c0\u03b9\u03c3\u03c4\u03ae\u03bc\u03b9\u03bf Paris-Panth\u00e9on-Assas, \u03bc\u03b5 \u03b5\u03b9\u03b4\u03af\u03ba\u03b5\u03c5\u03c3\u03b7 \u03c3\u03c4\u03bf \u0395\u03c5\u03c1\u03c9\u03c0\u03b1\u03ca\u03ba\u03cc \u0394\u03af\u03ba\u03b1\u03b9\u03bf (Master Droit europ\u00e9en, parcours Droit europ\u00e9en du march\u00e9 et de la r\u00e9gulation).<\/p><p>\u0395\u03af\u03bd\u03b1\u03b9 \u0394\u03b9\u03ba\u03b7\u03b3\u03cc\u03c1\u03bf\u03c2, \u03bc\u03ad\u03bb\u03bf\u03c2 \u03c4\u03bf\u03c5 \u0394\u03b9\u03ba\u03b7\u03b3\u03bf\u03c1\u03b9\u03ba\u03bf\u03cd \u03a3\u03c5\u03bb\u03bb\u03cc\u03b3\u03bf\u03c5 \u0391\u03b8\u03b7\u03bd\u03ce\u03bd \u03ba\u03b1\u03b9 \u03b1\u03c3\u03ba\u03b5\u03af \u03c4\u03b7 \u03b4\u03b9\u03ba\u03b7\u03b3\u03bf\u03c1\u03af\u03b1 \u03b5\u03bd\u03ce\u03c0\u03b9\u03bf\u03bd \u03b5\u03b8\u03bd\u03b9\u03ba\u03ce\u03bd \u03ba\u03b1\u03b9 \u03b5\u03c5\u03c1\u03c9\u03c0\u03b1\u03ca\u03ba\u03ce\u03bd \u03b4\u03b9\u03ba\u03b1\u03c3\u03c4\u03b7\u03c1\u03af\u03c9\u03bd.<\/p><p>\u0393\u03bb\u03ce\u03c3\u03c3\u03b5\u03c2: \u0391\u03b3\u03b3\u03bb\u03b9\u03ba\u03ac, \u0393\u03b1\u03bb\u03bb\u03b9\u03ba\u03ac<\/p>\t\t\t\t\t\t\t\t<\/div>\n\t\t\t\t<\/div>\n\t\t\t\t\t<\/div>\n\t\t<\/div>\n\t\t\t\t\t<\/div>\n\t\t<\/section>\n\t\t\t\t<\/div>\n\t\t","protected":false},"excerpt":{"rendered":"<p>\u03a0\u03b1\u03bd\u03b1\u03b3\u03b9\u03ce\u03c4\u03b7\u03c2 \u0393\u03a1\u0391\u0392\u0391\u039d\u0397\u03a3 \u039f \u03a0\u03b1\u03bd\u03b1\u03b3\u03b9\u03ce\u03c4\u03b7\u03c2 \u0393\u03c1\u03b1\u03b2\u03ac\u03bd\u03b7\u03c2 \u03b5\u03af\u03bd\u03b1\u03b9 \u03b1\u03c0\u03cc\u03c6\u03bf\u03b9\u03c4\u03bf\u03c2 \u03c4\u03b7\u03c2 \u039d\u03bf\u03bc\u03b9\u03ba\u03ae\u03c2 \u03a3\u03c7\u03bf\u03bb\u03ae\u03c2 \u03c4\u03bf\u03c5 \u0395\u03b8\u03bd\u03b9\u03ba\u03bf\u03cd \u03ba\u03b1\u03b9 \u039a\u03b1\u03c0\u03bf\u03b4\u03b9\u03c3\u03c4\u03c1\u03b9\u03b1\u03ba\u03bf\u03cd \u03a0\u03b1\u03bd\u03b5\u03c0\u03b9\u03c3\u03c4\u03b7\u03bc\u03af\u03bf\u03c5 \u0391\u03b8\u03b7\u03bd\u03ce\u03bd, \u03b1\u03c0\u03cc \u03c4\u03b7\u03bd \u03bf\u03c0\u03bf\u03af\u03b1 \u03ba\u03b1\u03b9 \u03ad\u03bb\u03b1\u03b2\u03b5, \u03c3\u03c4\u03b7 \u03c3\u03c5\u03bd\u03ad\u03c7\u03b5\u03b9\u03b1, \u039c\u03b5\u03c4\u03b1\u03c0\u03c4\u03c5\u03c7\u03b9\u03b1\u03ba\u03cc \u0394\u03af\u03c0\u03bb\u03c9\u03bc\u03b1 \u0395\u03b9\u03b4\u03af\u03ba\u03b5\u03c5\u03c3\u03b7\u03c2 \u03c3\u03c4\u03bf \u0394\u03b7\u03bc\u03cc\u03c3\u03b9\u03bf \u0394\u03af\u03ba\u03b1\u03b9\u03bf. \u0391\u03ba\u03bf\u03bb\u03bf\u03cd\u03b8\u03c9\u03c2, \u03ad\u03bb\u03b1\u03b2\u03b5 \u039c\u03b5\u03c4\u03b1\u03c0\u03c4\u03c5\u03c7\u03b9\u03b1\u03ba\u03cc \u0394\u03af\u03c0\u03bb\u03c9\u03bc\u03b1 \u03b1\u03c0\u03cc \u03c4\u03bf \u03a0\u03b1\u03bd\u03b5\u03c0\u03b9\u03c3\u03c4\u03ae\u03bc\u03b9\u03bf Paris-Panth\u00e9on-Assas, \u03bc\u03b5 \u03b5\u03b9\u03b4\u03af\u03ba\u03b5\u03c5\u03c3\u03b7 \u03c3\u03c4\u03bf \u0395\u03c5\u03c1\u03c9\u03c0\u03b1\u03ca\u03ba\u03cc \u0394\u03af\u03ba\u03b1\u03b9\u03bf (Master Droit europ\u00e9en, parcours Droit europ\u00e9en du march\u00e9 et de la r\u00e9gulation). \u0395\u03af\u03bd\u03b1\u03b9 [&hellip;]<\/p>\n","protected":false},"author":1,"featured_media":0,"parent":0,"menu_order":0,"comment_status":"closed","ping_status":"closed","template":"","meta":{"footnotes":""},"class_list":["post-1340","page","type-page","status-publish","hentry"],"_links":{"self":[{"href":"https:\/\/dellislaw.gr\/el\/wp-json\/wp\/v2\/pages\/1340","targetHints":{"allow":["GET"]}}],"collection":[{"href":"https:\/\/dellislaw.gr\/el\/wp-json\/wp\/v2\/pages"}],"about":[{"href":"https:\/\/dellislaw.gr\/el\/wp-json\/wp\/v2\/types\/page"}],"author":[{"embeddable":true,"href":"https:\/\/dellislaw.gr\/el\/wp-json\/wp\/v2\/users\/1"}],"replies":[{"embeddable":true,"href":"https:\/\/dellislaw.gr\/el\/wp-json\/wp\/v2\/comments?post=1340"}],"version-history":[{"count":10,"href":"https:\/\/dellislaw.gr\/el\/wp-json\/wp\/v2\/pages\/1340\/revisions"}],"predecessor-version":[{"id":1465,"href":"https:\/\/dellislaw.gr\/el\/wp-json\/wp\/v2\/pages\/1340\/revisions\/1465"}],"wp:attachment":[{"href":"https:\/\/dellislaw.gr\/el\/wp-json\/wp\/v2\/media?parent=1340"}],"curies":[{"name":"wp","href":"https:\/\/api.w.org\/{rel}","templated":true}]}}